{"id":300,"date":"2017-03-21T08:23:03","date_gmt":"2017-03-21T08:23:03","guid":{"rendered":"https:\/\/www.erlenburg.ch\/wordpress\/?page_id=300"},"modified":"2022-02-21T09:30:31","modified_gmt":"2022-02-21T09:30:31","slug":"belmont","status":"publish","type":"page","link":"https:\/\/www.erlenburg.ch\/wordpress\/projekte\/belmont\/","title":{"rendered":"\u00abBelmont\u00bb"},"content":{"rendered":"<p>\u00abBelmont\u00bb<\/p>\n<p><a href=\"projekte\/\">&lt; zur\u00fcck zur \u00dcbersicht<\/a><\/p>\n<p><b>Objekt<\/b><br \/>\n\u00abBelmont\u00bb &#8211; Neubau<\/p>\n<p><b>Standort<\/b><br \/>\nWeidstrasse 5, 8803 R\u00fcschlikon<\/p>\n<p><b>Nutzung\/Funktion<\/b><br \/>\nEigentumswohnungen<\/p>\n<p><b>Bauherrschaft<\/b><br \/>\nErlenburg Immobilien AG<\/p>\n<p><b>Realisierung<\/b><br \/>\nim Bau<\/p>\n<p><b>Lage<\/b><br \/>\nDas Neubau-Projekt befindet sich in einem ruhigen Wohnquartier in R\u00fcschlikon. Zug-\/Bus-Station und Einkaufsm\u00f6glichkeiten befinden sich in Gehdistanz. Die Autobahnauffahrt Thalwil ist in weniger als 5 Minuten erreichbar. Von dort gelangen Sie in 10 Minuten nach Z\u00fcrich. F\u00fcr einen gem\u00fctlichen Spaziergang oder eine lockere Runde Jogging bietet die nahegelegene Seepromenade die ideale Voraussetzung. Die Primarschule liegt in 6 Minuten Gehdistanz im angrenzenden Nachbarquartier.<\/p>\n<p>R\u00fcschlikon ist ein wichtiger Verkehrsknotenpunkt in Richtung S\u00fcden und Osten der SBB. Mit der Strecke Richtung Pf\u00e4ffikon-Chur sowie der Strecke Richtung Zug-Arth-Goldau verf\u00fcgen Sie st\u00fcndlich \u00fcber sieben Verbindungen sowie f\u00fcnf zum Z\u00fcricher Hauptbahnhof.<\/p>\n<p>Projektbeschreibung<\/p>\n<p><b>Projektart<\/b><br \/>\nDas Neubau-Projekt umfasst vier Eigentumswohnungen. Die Wohnungsgr\u00f6ssen liegen zwischen 3.5- und 6.0-Zimmern. Nebst den grossz\u00fcgigen Balkonen je Wohneinheit, wurde im Erdgeschoss eine gemeinschaftliche Gartenanlage realisiert, die zum Entspannen und Verweilen einl\u00e4dt<\/p>\n<p><b>Architektur<\/b><br \/>\nDer exklusive Bau ist als stilvolles und nachhaltiges Mehrfamilienhaus realisiert worden. Der Luxus von nur einer Wohnung pro Geschoss garantiert Ruhe und Privatsph\u00e4re. F\u00fcr viel Tageslicht und Wohlf\u00fchlambiente sorgen die grossen Fensterverglasungen zur Seeseite.<\/p>\n<p><b>Raumkonzept<\/b><br \/>\nDie Kombination aus hellen R\u00e4umen, einem klaren Konzept und der stimmigen Architektur erf\u00fcllt h\u00f6chste Anspr\u00fcche. Die Wohnungen sind grossz\u00fcgig angelegt und bieten daher reichlich Platz. Die neuen R\u00e4umlichkeiten k\u00f6nnen ganz nach den Bed\u00fcrfnissen des Eigent\u00fcmers gestaltet werden.<\/p>\n<p><b>Innenausbau<\/b><br \/>\nWir sind bekannt f\u00fcr unseren hohen Anspruch: F\u00fcr den Innenausbau wurden massgeschneiderte L\u00f6sungen f\u00fcr K\u00fcchen, B\u00e4der und Schreinerarbeiten ausgearbeitet.<\/p>\n<p><b>Verkauf<\/b><br \/>\nEs sind bereits alle Wohnungen verkauft.<\/p>\n<p><!-- {\"name\":\"\",\"type\":\"layout\",\"children\":[{\"name\":\"Titel\",\"type\":\"section\",\"props\":{\"width\":\"default\",\"padding\":\"\",\"style\":\"default\",\"text_color\":\"\",\"media\":\"\",\"height_viewport\":false,\"header_overlay\":\"light\",\"animation\":\"slide-top-small\",\"padding_remove_top\":false,\"image_size\":\"cover\",\"image_position\":\"center-center\"},\"children\":[{\"name\":\"\",\"type\":\"row\",\"props\":{\"layout\":\"1-1\",\"breakpoint\":\"m\",\"margin\":\"\",\"fixed_width\":\"large\"},\"children\":[{\"name\":\"\",\"type\":\"column\",\"props\":{\"widths\":[\"1-1\"]},\"children\":[{\"name\":\"\",\"type\":\"headline\",\"props\":{\"title_element\":\"h2\",\"content\":\"\\u00abBelmont\\u00bb\",\"text_align\":\"left\",\"text_align_fallback\":\"center\",\"maxwidth_align\":\"\",\"maxwidth\":\"\",\"title_style\":\"h2\",\"animation\":\"fade\",\"class\":\"headline-top\"}}]}]}]},{\"name\":\"\\u00dcbersicht\",\"type\":\"section\",\"props\":{\"style\":\"default\",\"width\":\"default\",\"image_position\":\"center-center\",\"padding\":\"xsmall\"},\"children\":[{\"name\":\"\",\"type\":\"row\",\"props\":{\"fixed_width\":\"large\",\"breakpoint\":\"m\",\"layout\":\",\"},\"children\":[{\"name\":\"\",\"type\":\"column\",\"props\":{\"widths\":[\"\"]},\"children\":[{\"name\":\"\",\"type\":\"headline\",\"props\":{\"title_element\":\"h5\",\"content\":\"<a href=\\\"projekte\\\/\\\">< zur\\u00fcck zur \\u00dcbersicht<\\\/a>\",\"animation\":\"fade\"}}]},{\"name\":\"\",\"type\":\"column\",\"props\":{\"widths\":[\"\"]},\"children\":[{\"name\":\"\",\"type\":\"text\",\"props\":{\"column_breakpoint\":\"m\",\"margin\":\"default\",\"content\":\"<b>Objekt<\\\/b><br \\\/>\\n\\u00abBelmont\\u00bb - Neubau<br \\\/><br \\\/>\\n\\n<b>Standort<\\\/b><br \\\/>\\nWeidstrasse 5, 8803 R\\u00fcschlikon<br \\\/><br \\\/>\\n\\n<b>Nutzung\\\/Funktion<\\\/b><br \\\/>\\nEigentumswohnungen<br \\\/><br \\\/>\\n\\n<b>Bauherrschaft<\\\/b><br \\\/>\\nErlenburg Immobilien AG<br \\\/><br \\\/>\\n\\n<b>Realisierung<\\\/b><br \\\/>\\nin Planung<br \\\/><br \\\/>\\n\\n<b>Lage<\\\/b><br \\\/>\\nDas Neubau-Projekt befindet sich in einem ruhigen Wohnquartier in R\\u00fcschlikon. Zug-\\\/Bus-Station und Einkaufsm\\u00f6glichkeiten befinden sich in Gehdistanz. Die Autobahnauffahrt Thalwil ist in weniger als 5 Minuten erreichbar. Von dort gelangen Sie in 10 Minuten nach Z\\u00fcrich. F\\u00fcr einen gem\\u00fctlichen Spaziergang oder eine lockere Runde Jogging bietet die nahegelegene Seepromenade die ideale Voraussetzung. Die Primarschule liegt in 6 Minuten Gehdistanz im angrenzenden Nachbarquartier.\\n<br \\\/><br \\\/>\\nR\\u00fcschlikon ist ein wichtiger Verkehrsknotenpunkt in Richtung S\\u00fcden und Osten der SBB. Mit der Strecke Richtung Pf\\u00e4ffikon-Chur sowie der Strecke Richtung Zug-Arth-Goldau verf\\u00fcgen Sie st\\u00fcndlich \\u00fcber sieben Verbindungen sowie f\\u00fcnf zum Z\\u00fcricher Hauptbahnhof.\"}}]}]}]},{\"name\":\"Bilder\",\"type\":\"section\",\"props\":{\"style\":\"default\",\"width\":\"default\",\"image_position\":\"center-center\",\"padding\":\"xsmall\"},\"children\":[{\"name\":\"\",\"type\":\"row\",\"props\":{\"fixed_width\":\"large\",\"breakpoint\":\"m\",\"layout\":\"1-1\"},\"children\":[{\"name\":\"\",\"type\":\"column\",\"props\":{\"widths\":[\"1-1\"]},\"children\":[{\"name\":\"\",\"type\":\"image\",\"props\":{\"margin\":\"default\",\"image\":\"wp-content\\\/uploads\\\/Exterior-Garten_B_5k-1.jpg\",\"animation\":\"fade\"}}]}]},{\"name\":\"\",\"type\":\"row\",\"props\":{\"fixed_width\":\"large\",\"breakpoint\":\"m\",\"layout\":\",\"},\"children\":[{\"name\":\"\",\"type\":\"column\",\"props\":{\"widths\":[\"\"]},\"children\":[{\"name\":\"\",\"type\":\"image\",\"props\":{\"margin\":\"default\",\"animation\":\"fade\",\"image\":\"wp-content\\\/uploads\\\/badezimmer-2-OG-1.jpg\"}}]},{\"name\":\"\",\"type\":\"column\",\"props\":{\"widths\":[\"\"]},\"children\":[{\"name\":\"\",\"type\":\"image\",\"props\":{\"margin\":\"default\",\"image\":\"wp-content\\\/uploads\\\/badezimmer-1-OG-1.jpg\",\"animation\":\"fade\"}}]}]},{\"name\":\"\",\"type\":\"row\",\"props\":{\"fixed_width\":\"large\",\"breakpoint\":\"m\",\"layout\":\"1-1\"},\"children\":[{\"name\":\"\",\"type\":\"column\",\"props\":{\"widths\":[\"1-1\"]},\"children\":[{\"name\":\"\",\"type\":\"image\",\"props\":{\"margin\":\"default\",\"image\":\"wp-content\\\/uploads\\\/Exterior-Strasse_B_5k-1.jpg\"}}]}]},{\"name\":\"\",\"type\":\"row\",\"props\":{\"fixed_width\":\"large\",\"breakpoint\":\"m\",\"layout\":\",\"},\"children\":[{\"name\":\"\",\"type\":\"column\",\"props\":{\"widths\":[\"\"]},\"children\":[{\"name\":\"\",\"type\":\"image\",\"props\":{\"margin\":\"default\",\"image\":\"wp-content\\\/uploads\\\/Schlafzimmer-1OG-bild-1.jpg\",\"animation\":\"fade\"}}]},{\"name\":\"\",\"type\":\"column\",\"props\":{\"widths\":[\"\"]},\"children\":[{\"name\":\"\",\"type\":\"image\",\"props\":{\"margin\":\"default\",\"animation\":\"fade\",\"image\":\"wp-content\\\/uploads\\\/wohnk\\u00fcche2og-bild-1.jpg\"}}]}]},{\"name\":\"\",\"type\":\"row\",\"props\":{\"fixed_width\":\"large\",\"breakpoint\":\"m\",\"layout\":\",2-3\"},\"children\":[{\"name\":\"\",\"type\":\"column\",\"props\":{\"widths\":[\"\"]}},{\"name\":\"\",\"type\":\"column\",\"props\":{\"widths\":[\"2-3\"]},\"children\":[{\"name\":\"\",\"type\":\"image\",\"props\":{\"margin\":\"default\",\"animation\":\"fade\",\"image\":\"wp-content\\\/uploads\\\/K\\u00fcche-1OG-bild-1.jpg\"}}]}]}]},{\"name\":\"Projektbeschrieb\",\"type\":\"section\",\"props\":{\"style\":\"default\",\"width\":\"default\",\"image_position\":\"center-center\",\"padding\":\"small\"},\"children\":[{\"name\":\"\",\"type\":\"row\",\"props\":{\"fixed_width\":\"large\",\"breakpoint\":\"m\",\"layout\":\",\"},\"children\":[{\"name\":\"\",\"type\":\"column\",\"props\":{\"widths\":[\"\"]},\"children\":[{\"name\":\"\",\"type\":\"headline\",\"props\":{\"title_element\":\"h2\",\"content\":\"Projektbeschreibung\",\"animation\":\"fade\",\"title_style\":\"h5\"}}]},{\"name\":\"\",\"type\":\"column\",\"props\":{\"widths\":[\"\"]},\"children\":[{\"name\":\"\",\"type\":\"text\",\"props\":{\"column_breakpoint\":\"m\",\"margin\":\"default\",\"content\":\"<b>Projektart<\\\/b><br \\\/>\\nDas Neubau-Projekt umfasst vier Eigentumswohnungen. Die Wohnungsgr\\u00f6ssen liegen zwischen 3.5- und 6.0-Zimmern. Nebst den grossz\\u00fcgigen Balkonen je Wohneinheit, wurde im Erdgeschoss eine gemeinschaftliche Gartenanlage realisiert, die zum Entspannen und Verweilen einl\\u00e4dt\"}}]}]},{\"name\":\"\",\"type\":\"row\",\"props\":{\"fixed_width\":\"large\",\"breakpoint\":\"m\",\"layout\":\",\"},\"children\":[{\"name\":\"\",\"type\":\"column\",\"props\":{\"widths\":[\"\"]}},{\"name\":\"\",\"type\":\"column\",\"props\":{\"widths\":[\"\"]},\"children\":[{\"name\":\"\",\"type\":\"text\",\"props\":{\"column_breakpoint\":\"m\",\"margin\":\"default\",\"content\":\"<b>Architektur<\\\/b><br \\\/>\\nDer exklusive Bau ist als stilvolles und nachhaltiges Mehrfamilienhaus realisiert worden. Der Luxus von nur einer Wohnung pro Geschoss garantiert Ruhe und Privatsph\\u00e4re. F\\u00fcr viel Tageslicht und Wohlf\\u00fchlambiente sorgen die grossen Fensterverglasungen zur Seeseite.\"}}]}]},{\"name\":\"\",\"type\":\"row\",\"props\":{\"fixed_width\":\"large\",\"breakpoint\":\"m\",\"layout\":\",\"},\"children\":[{\"name\":\"\",\"type\":\"column\",\"props\":{\"widths\":[\"\"]}},{\"name\":\"\",\"type\":\"column\",\"props\":{\"widths\":[\"\"]},\"children\":[{\"name\":\"\",\"type\":\"text\",\"props\":{\"column_breakpoint\":\"m\",\"margin\":\"default\",\"content\":\"<b>Raumkonzept<\\\/b><br \\\/>\\nDie Kombination aus hellen R\\u00e4umen, einem klaren Konzept und der stimmigen Architektur erf\\u00fcllt h\\u00f6chste Anspr\\u00fcche. Die Wohnungen sind grossz\\u00fcgig angelegt und bieten daher reichlich Platz. Die neuen R\\u00e4umlichkeiten k\\u00f6nnen ganz nach den Bed\\u00fcrfnissen des Eigent\\u00fcmers gestaltet werden.\"}}]}]},{\"name\":\"\",\"type\":\"row\",\"props\":{\"fixed_width\":\"large\",\"breakpoint\":\"m\",\"layout\":\",\"},\"children\":[{\"name\":\"\",\"type\":\"column\",\"props\":{\"widths\":[\"\"]}},{\"name\":\"\",\"type\":\"column\",\"props\":{\"widths\":[\"\"]},\"children\":[{\"name\":\"\",\"type\":\"text\",\"props\":{\"column_breakpoint\":\"m\",\"margin\":\"default\",\"content\":\"<b>Innenausbau<\\\/b><br \\\/>\\nWir sind bekannt f\\u00fcr unseren hohen Anspruch: F\\u00fcr den Innenausbau wurden massgeschneiderte L\\u00f6sungen f\\u00fcr K\\u00fcchen, B\\u00e4der und Schreinerarbeiten ausgearbeitet.\"}}]}]},{\"name\":\"\",\"type\":\"row\",\"props\":{\"fixed_width\":\"large\",\"breakpoint\":\"m\",\"layout\":\",\"},\"children\":[{\"name\":\"\",\"type\":\"column\",\"props\":{\"widths\":[\"\"]}},{\"name\":\"\",\"type\":\"column\",\"props\":{\"widths\":[\"\"]},\"children\":[{\"name\":\"\",\"type\":\"text\",\"props\":{\"column_breakpoint\":\"m\",\"margin\":\"default\",\"content\":\"<b>Highlights<\\\/b>\"}},{\"name\":\"\",\"type\":\"list\",\"props\":{\"show_image\":true,\"show_link\":true,\"image_align\":\"left\"},\"children\":[{\"name\":\"\",\"type\":\"list_item\",\"props\":{\"content\":\"Zwei-Schalen-Mauerwerk\",\"icon\":\"chevron-right\"}},{\"name\":\"\",\"type\":\"list_item\",\"props\":{\"content\":\"Komplette Etage pro Wohnung\",\"icon\":\"chevron-right\"}},{\"name\":\"\",\"type\":\"list_item\",\"props\":{\"content\":\"Seesicht von jeder Wohnung\",\"icon\":\"chevron-right\"}},{\"name\":\"\",\"type\":\"list_item\",\"props\":{\"content\":\"Grosse Fensterfront zum See\",\"icon\":\"chevron-right\"}}]}]}]}]}]} --><\/p>\n","protected":false},"excerpt":{"rendered":"<p>\u00abBelmont\u00bb &lt; zur\u00fcck zur \u00dcbersicht Objekt \u00abBelmont\u00bb &#8211; Neubau Standort Weidstrasse 5, 8803 R\u00fcschlikon Nutzung\/Funktion Eigentumswohnungen Bauherrschaft Erlenburg Immobilien AG Realisierung im Bau Lage Das Neubau-Projekt befindet sich in einem ruhigen Wohnquartier in R\u00fcschlikon. Zug-\/Bus-Station und Einkaufsm\u00f6glichkeiten befinden sich in Gehdistanz. Die Autobahnauffahrt Thalwil ist in weniger als 5 Minuten erreichbar. Von dort gelangen Sie [&hellip;]<\/p>\n","protected":false},"author":1,"featured_media":0,"parent":156,"menu_order":0,"comment_status":"closed","ping_status":"closed","template":"","meta":{"footnotes":""},"class_list":["post-300","page","type-page","status-publish","hentry"],"_links":{"self":[{"href":"https:\/\/www.erlenburg.ch\/wordpress\/wp-json\/wp\/v2\/pages\/300","targetHints":{"allow":["GET"]}}],"collection":[{"href":"https:\/\/www.erlenburg.ch\/wordpress\/wp-json\/wp\/v2\/pages"}],"about":[{"href":"https:\/\/www.erlenburg.ch\/wordpress\/wp-json\/wp\/v2\/types\/page"}],"author":[{"embeddable":true,"href":"https:\/\/www.erlenburg.ch\/wordpress\/wp-json\/wp\/v2\/users\/1"}],"replies":[{"embeddable":true,"href":"https:\/\/www.erlenburg.ch\/wordpress\/wp-json\/wp\/v2\/comments?post=300"}],"version-history":[{"count":19,"href":"https:\/\/www.erlenburg.ch\/wordpress\/wp-json\/wp\/v2\/pages\/300\/revisions"}],"predecessor-version":[{"id":818,"href":"https:\/\/www.erlenburg.ch\/wordpress\/wp-json\/wp\/v2\/pages\/300\/revisions\/818"}],"up":[{"embeddable":true,"href":"https:\/\/www.erlenburg.ch\/wordpress\/wp-json\/wp\/v2\/pages\/156"}],"wp:attachment":[{"href":"https:\/\/www.erlenburg.ch\/wordpress\/wp-json\/wp\/v2\/media?parent=300"}],"curies":[{"name":"wp","href":"https:\/\/api.w.org\/{rel}","templated":true}]}}