{"id":274,"date":"2017-03-21T07:47:53","date_gmt":"2017-03-21T07:47:53","guid":{"rendered":"https:\/\/www.erlenburg.ch\/wordpress\/?page_id=274"},"modified":"2017-08-09T15:14:09","modified_gmt":"2017-08-09T15:14:09","slug":"palais-im-aegertli","status":"publish","type":"page","link":"https:\/\/www.erlenburg.ch\/wordpress\/projekte\/palais-im-aegertli\/","title":{"rendered":"\u00abPalais im Aegertli\u00bb"},"content":{"rendered":"<p>\u00abPalais im Aegertli\u00bb<\/p>\n<p><a href=\"projekte\/\">< zur\u00fcck zur \u00dcbersicht<\/a><\/p>\n<p><b>Objekt<\/b><br \/>\n\u00abPalais im Aegertli\u00bb &#8211; Neubau<\/p>\n<p><b>Standort<\/b><br \/>\nAegertlistrasse 19, 8800 Thalwil<\/p>\n<p><b>Nutzung\/Funktion<\/b><br \/>\nEigentumswohnungen<\/p>\n<p><b>Bauherrschaft<\/b><br \/>\nErlenburg Immobilien AG<\/p>\n<p><b>Realisierung<\/b><br \/>\nSommer 2017<\/p>\n<p><b>Lage<\/b><br \/>\nDas Mehrfamilienhaus befindet sich an ruhiger Lage im Zentrum von Thalwil. Das Grundst\u00fcck ist klar abgegrenzt und gliedert sich perfekt in das Quartier ein. Dank der zentralen Lage bietet sich eine optimale Verbindung zwischen Wohnen und Erholen am Z\u00fcrichsee.\n<\/p>\n<p>Projektbeschreibung<\/p>\n<p><b>Projektart<\/b><br \/>\nDas Objekt \u00abPalais im Aegertli\u00bb umfasst sieben grossz\u00fcgige und moderne Eigentumswohnungen mit 4.5 und 5.5 Zimmern, in einem ruhigen und trotzdem zentrumsnahmen Quartier in Thalwil.<\/p>\n<p><b>Architektur<\/b><br \/>\nDieses stilvolle und nachhaltige Mehrfamilienhaus wurde vom Architekturb\u00fcro ZBF Architekten AG in Z\u00fcrich geplant.<\/p>\n<p>Der Wohnbau mit drei Obergeschossen und einem Erdgeschoss integriert sich optimal in das Quartier ein. Mit der grossen Gartenanlage erh\u00e4lt man zudem einen bestm\u00f6glichen Sichtschutz welcher ein hohes Mass an Privatsph\u00e4re erm\u00f6glicht. Entsprechend der Ausrichtung geniessen alle Wohnungen einen herrlichen Blick auf den Z\u00fcrichsee.\n<\/p>\n<p><b>Raumkonzept<\/b><br \/>\nDurch die grossen und hellen R\u00e4ume entsteht eine Vielzahl an Gestaltungsm\u00f6glichkeiten. Die grossz\u00fcgigen Terrassen und Balkone ergeben eine ideale Verbindung zwischen zwischen Innen- und Aussenraum. Die offene Raumgestaltung l\u00e4sst die R\u00e4ume leicht wirken, was von den hellen Farben zus\u00e4tzlich unterst\u00fctzt wird.<\/p>\n<p><b>Highlights<\/b><\/p>\n<p>Zwei-Schalen-Mauerwerk mit integriertem Sandstein, der von der oberen Z\u00fcrichsee Region stammt<\/p>\n<p>Gemeinschaftsterrasse und Gartenanlage<\/p>\n<p>Innenausbau konnte komplett durch K\u00e4ufer bestimmt werden<\/p>\n<p><!-- {\"name\":\"\",\"type\":\"layout\",\"children\":[{\"name\":\"Titel\",\"type\":\"section\",\"props\":{\"width\":\"default\",\"padding\":\"\",\"style\":\"default\",\"text_color\":\"\",\"media\":\"\",\"height_viewport\":false,\"header_overlay\":\"light\",\"animation\":\"slide-top-small\",\"padding_remove_top\":false,\"image_size\":\"cover\",\"image_position\":\"center-center\"},\"children\":[{\"name\":\"\",\"type\":\"row\",\"props\":{\"layout\":\"1-1\",\"breakpoint\":\"m\",\"margin\":\"\",\"fixed_width\":\"large\"},\"children\":[{\"name\":\"\",\"type\":\"column\",\"props\":{\"widths\":[\"1-1\"]},\"children\":[{\"name\":\"\",\"type\":\"headline\",\"props\":{\"title_element\":\"h2\",\"content\":\"\\u00abPalais im Aegertli\\u00bb\",\"text_align\":\"left\",\"text_align_fallback\":\"center\",\"maxwidth_align\":\"\",\"maxwidth\":\"\",\"title_style\":\"h2\",\"animation\":\"fade\",\"class\":\"headline-top\"}}]}]}]},{\"name\":\"\\u00dcbersicht\",\"type\":\"section\",\"props\":{\"style\":\"default\",\"width\":\"default\",\"image_position\":\"center-center\",\"padding\":\"xsmall\"},\"children\":[{\"name\":\"\",\"type\":\"row\",\"props\":{\"fixed_width\":\"large\",\"breakpoint\":\"m\",\"layout\":\",\"},\"children\":[{\"name\":\"\",\"type\":\"column\",\"props\":{\"widths\":[\"\"]},\"children\":[{\"name\":\"\",\"type\":\"headline\",\"props\":{\"title_element\":\"h5\",\"content\":\"<a href=\\\"projekte\\\/\\\">< zur\\u00fcck zur \\u00dcbersicht<\\\/a>\",\"animation\":\"fade\"}}]},{\"name\":\"\",\"type\":\"column\",\"props\":{\"widths\":[\"\"]},\"children\":[{\"name\":\"\",\"type\":\"text\",\"props\":{\"column_breakpoint\":\"m\",\"margin\":\"default\",\"content\":\"<b>Objekt<\\\/b><br \\\/>\\n\\u00abPalais im Aegertli\\u00bb - Neubau<br \\\/><br \\\/>\\n\\n<b>Standort<\\\/b><br \\\/>\\nAegertlistrasse 19, 8800 Thalwil<br \\\/><br \\\/>\\n\\n<b>Nutzung\\\/Funktion<\\\/b><br \\\/>\\nEigentumswohnungen<br \\\/><br \\\/>\\n\\n<b>Bauherrschaft<\\\/b><br \\\/>\\nErlenburg Immobilien AG<br \\\/><br \\\/>\\n\\n<b>Realisierung<\\\/b><br \\\/>\\nSommer 2017<br \\\/><br \\\/>\\n\\n<b>Lage<\\\/b><br \\\/>\\nDas Mehrfamilienhaus befindet sich an ruhiger Lage im Zentrum von Thalwil. Das Grundst\\u00fcck ist klar abgegrenzt und gliedert sich perfekt in das Quartier ein. Dank der zentralen Lage bietet sich eine optimale Verbindung zwischen Wohnen und Erholen am Z\\u00fcrichsee.\\n\"}}]}]}]},{\"name\":\"Bilder\",\"type\":\"section\",\"props\":{\"style\":\"default\",\"width\":\"default\",\"image_position\":\"center-center\",\"padding\":\"xsmall\"},\"children\":[{\"name\":\"\",\"type\":\"row\",\"props\":{\"fixed_width\":\"large\",\"breakpoint\":\"m\",\"layout\":\"1-1\"},\"children\":[{\"name\":\"\",\"type\":\"column\",\"props\":{\"widths\":[\"1-1\"]},\"children\":[{\"name\":\"\",\"type\":\"image\",\"props\":{\"margin\":\"default\",\"image\":\"wp-content\\\/uploads\\\/aussenansicht-quer.jpg\",\"animation\":\"fade\"}}]}]},{\"name\":\"\",\"type\":\"row\",\"props\":{\"fixed_width\":\"large\",\"breakpoint\":\"m\",\"layout\":\",\"},\"children\":[{\"name\":\"\",\"type\":\"column\",\"props\":{\"widths\":[\"\"]},\"children\":[{\"name\":\"\",\"type\":\"image\",\"props\":{\"margin\":\"default\",\"image\":\"wp-content\\\/uploads\\\/wohnzimmer-2.jpg\",\"animation\":\"fade\"}}]},{\"name\":\"\",\"type\":\"column\",\"props\":{\"widths\":[\"\"]},\"children\":[{\"name\":\"\",\"type\":\"image\",\"props\":{\"margin\":\"default\",\"image\":\"wp-content\\\/uploads\\\/wohnzimmer.jpg\",\"animation\":\"fade\"}}]}]},{\"name\":\"\",\"type\":\"row\",\"props\":{\"fixed_width\":\"large\",\"breakpoint\":\"m\",\"layout\":\",2-3\"},\"children\":[{\"name\":\"\",\"type\":\"column\",\"props\":{\"widths\":[\"\"]}},{\"name\":\"\",\"type\":\"column\",\"props\":{\"widths\":[\"2-3\"]},\"children\":[{\"name\":\"\",\"type\":\"image\",\"props\":{\"margin\":\"default\",\"image\":\"wp-content\\\/uploads\\\/kueche-1.jpg\",\"animation\":\"fade\"}}]}]},{\"name\":\"\",\"type\":\"row\",\"props\":{\"fixed_width\":\"large\",\"breakpoint\":\"m\",\"layout\":\",\"},\"children\":[{\"name\":\"\",\"type\":\"column\",\"props\":{\"widths\":[\"\"]},\"children\":[{\"name\":\"\",\"type\":\"image\",\"props\":{\"margin\":\"default\",\"image\":\"wp-content\\\/uploads\\\/badezimmer_3.jpg\",\"animation\":\"fade\"}}]},{\"name\":\"\",\"type\":\"column\",\"props\":{\"widths\":[\"\"]},\"children\":[{\"name\":\"\",\"type\":\"image\",\"props\":{\"margin\":\"default\",\"image\":\"wp-content\\\/uploads\\\/badezimmer_2.jpg\",\"animation\":\"fade\"}}]}]},{\"name\":\"\",\"type\":\"row\",\"props\":{\"fixed_width\":\"large\",\"breakpoint\":\"m\",\"layout\":\",\"},\"children\":[{\"name\":\"\",\"type\":\"column\",\"props\":{\"widths\":[\"\"]},\"children\":[{\"name\":\"\",\"type\":\"image\",\"props\":{\"margin\":\"default\",\"image\":\"wp-content\\\/uploads\\\/aussenansicht-hochformat.jpg\",\"animation\":\"fade\",\"image_height\":\"\"}}]},{\"name\":\"\",\"type\":\"column\",\"props\":{\"widths\":[\"\"]},\"children\":[{\"name\":\"\",\"type\":\"image\",\"props\":{\"margin\":\"default\",\"image\":\"wp-content\\\/uploads\\\/badezimmer_1.jpg\",\"animation\":\"fade\"}},{\"name\":\"\",\"type\":\"image\",\"props\":{\"margin\":\"default\",\"image\":\"wp-content\\\/uploads\\\/balkon.jpg\",\"animation\":\"fade\"}}]}]}]},{\"name\":\"Projektbeschrieb\",\"type\":\"section\",\"props\":{\"style\":\"default\",\"width\":\"default\",\"image_position\":\"center-center\",\"padding\":\"small\"},\"children\":[{\"name\":\"\",\"type\":\"row\",\"props\":{\"fixed_width\":\"large\",\"breakpoint\":\"m\",\"layout\":\",\"},\"children\":[{\"name\":\"\",\"type\":\"column\",\"props\":{\"widths\":[\"\"]},\"children\":[{\"name\":\"\",\"type\":\"headline\",\"props\":{\"title_element\":\"h2\",\"content\":\"Projektbeschreibung\",\"animation\":\"fade\",\"title_style\":\"h5\"}}]},{\"name\":\"\",\"type\":\"column\",\"props\":{\"widths\":[\"\"]},\"children\":[{\"name\":\"\",\"type\":\"text\",\"props\":{\"column_breakpoint\":\"m\",\"margin\":\"default\",\"content\":\"<b>Projektart<\\\/b><br \\\/>\\nDas Objekt \\u00abPalais im Aegertli\\u00bb umfasst sieben grossz\\u00fcgige und moderne Eigentumswohnungen mit 4.5 und 5.5 Zimmern, in einem ruhigen und trotzdem zentrumsnahmen Quartier in Thalwil.\"}}]}]},{\"name\":\"\",\"type\":\"row\",\"props\":{\"fixed_width\":\"large\",\"breakpoint\":\"m\",\"layout\":\",\"},\"children\":[{\"name\":\"\",\"type\":\"column\",\"props\":{\"widths\":[\"\"]}},{\"name\":\"\",\"type\":\"column\",\"props\":{\"widths\":[\"\"]},\"children\":[{\"name\":\"\",\"type\":\"text\",\"props\":{\"column_breakpoint\":\"m\",\"margin\":\"default\",\"content\":\"<b>Architektur<\\\/b><br \\\/>\\nDieses stilvolle und nachhaltige Mehrfamilienhaus wurde vom Architekturb\\u00fcro ZBF Architekten AG in Z\\u00fcrich geplant.<br \\\/><br \\\/>\\n\\nDer Wohnbau mit drei Obergeschossen und einem Erdgeschoss integriert sich optimal in das Quartier ein. Mit der grossen Gartenanlage erh\\u00e4lt man zudem einen bestm\\u00f6glichen Sichtschutz welcher ein hohes Mass an Privatsph\\u00e4re erm\\u00f6glicht. Entsprechend der Ausrichtung geniessen alle Wohnungen einen herrlichen Blick auf den Z\\u00fcrichsee.\\n\"}}]}]},{\"name\":\"\",\"type\":\"row\",\"props\":{\"fixed_width\":\"large\",\"breakpoint\":\"m\",\"layout\":\",\"},\"children\":[{\"name\":\"\",\"type\":\"column\",\"props\":{\"widths\":[\"\"]}},{\"name\":\"\",\"type\":\"column\",\"props\":{\"widths\":[\"\"]},\"children\":[{\"name\":\"\",\"type\":\"text\",\"props\":{\"column_breakpoint\":\"m\",\"margin\":\"default\",\"content\":\"<b>Raumkonzept<\\\/b><br \\\/>\\nDurch die grossen und hellen R\\u00e4ume entsteht eine Vielzahl an Gestaltungsm\\u00f6glichkeiten. Die grossz\\u00fcgigen Terrassen und Balkone ergeben eine ideale Verbindung zwischen zwischen Innen- und Aussenraum. Die offene Raumgestaltung l\\u00e4sst die R\\u00e4ume leicht wirken, was von den hellen Farben zus\\u00e4tzlich unterst\\u00fctzt wird.\"}}]}]},{\"name\":\"\",\"type\":\"row\",\"props\":{\"fixed_width\":\"large\",\"breakpoint\":\"m\",\"layout\":\",\"},\"children\":[{\"name\":\"\",\"type\":\"column\",\"props\":{\"widths\":[\"\"]}},{\"name\":\"\",\"type\":\"column\",\"props\":{\"widths\":[\"\"]},\"children\":[{\"name\":\"\",\"type\":\"text\",\"props\":{\"column_breakpoint\":\"m\",\"margin\":\"default\",\"content\":\"<b>Highlights<\\\/b>\"}},{\"name\":\"\",\"type\":\"list\",\"props\":{\"show_image\":true,\"show_link\":true,\"image_align\":\"left\"},\"children\":[{\"name\":\"\",\"type\":\"list_item\",\"props\":{\"content\":\"Zwei-Schalen-Mauerwerk mit integriertem Sandstein, der von der oberen Z\\u00fcrichsee Region stammt\",\"icon\":\"chevron-right\"}},{\"name\":\"\",\"type\":\"list_item\",\"props\":{\"content\":\"Gemeinschaftsterrasse und Gartenanlage\",\"icon\":\"chevron-right\"}},{\"name\":\"\",\"type\":\"list_item\",\"props\":{\"content\":\"Innenausbau konnte komplett durch K\\u00e4ufer bestimmt werden\",\"icon\":\"chevron-right\"}}]}]}]}]}]} --><\/p>\n","protected":false},"excerpt":{"rendered":"<p>\u00abPalais im Aegertli\u00bb < zur\u00fcck zur \u00dcbersicht Objekt \u00abPalais im Aegertli\u00bb &#8211; Neubau Standort Aegertlistrasse 19, 8800 Thalwil Nutzung\/Funktion Eigentumswohnungen Bauherrschaft Erlenburg Immobilien AG Realisierung Sommer 2017 Lage Das Mehrfamilienhaus befindet sich an ruhiger Lage im Zentrum von Thalwil. Das Grundst\u00fcck ist klar abgegrenzt und gliedert sich perfekt in das Quartier ein. Dank der zentralen [&hellip;]\n<\/p>\n","protected":false},"author":1,"featured_media":0,"parent":156,"menu_order":1,"comment_status":"closed","ping_status":"closed","template":"","meta":{"footnotes":""},"class_list":["post-274","page","type-page","status-publish","hentry"],"_links":{"self":[{"href":"https:\/\/www.erlenburg.ch\/wordpress\/wp-json\/wp\/v2\/pages\/274","targetHints":{"allow":["GET"]}}],"collection":[{"href":"https:\/\/www.erlenburg.ch\/wordpress\/wp-json\/wp\/v2\/pages"}],"about":[{"href":"https:\/\/www.erlenburg.ch\/wordpress\/wp-json\/wp\/v2\/types\/page"}],"author":[{"embeddable":true,"href":"https:\/\/www.erlenburg.ch\/wordpress\/wp-json\/wp\/v2\/users\/1"}],"replies":[{"embeddable":true,"href":"https:\/\/www.erlenburg.ch\/wordpress\/wp-json\/wp\/v2\/comments?post=274"}],"version-history":[{"count":10,"href":"https:\/\/www.erlenburg.ch\/wordpress\/wp-json\/wp\/v2\/pages\/274\/revisions"}],"predecessor-version":[{"id":655,"href":"https:\/\/www.erlenburg.ch\/wordpress\/wp-json\/wp\/v2\/pages\/274\/revisions\/655"}],"up":[{"embeddable":true,"href":"https:\/\/www.erlenburg.ch\/wordpress\/wp-json\/wp\/v2\/pages\/156"}],"wp:attachment":[{"href":"https:\/\/www.erlenburg.ch\/wordpress\/wp-json\/wp\/v2\/media?parent=274"}],"curies":[{"name":"wp","href":"https:\/\/api.w.org\/{rel}","templated":true}]}}