{"id":182,"date":"2017-03-03T10:26:14","date_gmt":"2017-03-03T10:26:14","guid":{"rendered":"https:\/\/www.erlenburg.ch\/wordpress\/?page_id=182"},"modified":"2024-03-04T14:48:11","modified_gmt":"2024-03-04T13:48:11","slug":"kontakt","status":"publish","type":"page","link":"https:\/\/www.erlenburg.ch\/wordpress\/kontakt\/","title":{"rendered":"Kontakt"},"content":{"rendered":"<h2>Haben wir Ihre Neugier geweckt?<\/h2>\n<h2>Wir freuen uns sehr darauf, Sie bei einem Gespr\u00e4ch pers\u00f6nlich<br \/>\nkennenzulernen. Gerne werden wir uns alle Zeit nehmen.<\/h2>\n<h5>Kontakt<\/h5>\n<div>\n<p>Erlenburg Immobilien AG<br \/>Zentrum Staldenbach 8<br \/>8808 Pf\u00e4ffikon<br \/>Schweiz<\/p>\n<\/div>\n<div>\n<h3>E-Mail<\/h3>\n<p><a href=\"mailto:info@erlenburg.ch\">info@erlenburg.ch<\/a><\/p>\n<\/div>\n<div>\n<p>47.1886,8.70594<\/p>\n<h3>Erlenbrug Immobilien AG<\/h3>\n<\/div>\n<p><!--more--><br \/>\n<!-- {\"name\":\"Home\",\"type\":\"layout\",\"children\":[{\"name\":\"u00dcber uns\",\"type\":\"section\",\"props\":{\"animation\":\"slide-top-small\",\"header_overlay\":\"light\",\"height_viewport\":false,\"image_position\":\"center-center\",\"image_size\":\"cover\",\"padding_remove_top\":false,\"style\":\"default\",\"title_breakpoint\":\"xl\",\"title_position\":\"top-left\",\"title_rotation\":\"left\",\"vertical_align\":\"middle\",\"width\":\"default\"},\"children\":[{\"type\":\"row\",\"children\":[{\"type\":\"column\",\"props\":{\"image_position\":\"center-center\",\"position_sticky_breakpoint\":\"m\",\"width_medium\":\"1-1\"},\"children\":[{\"type\":\"headline\",\"props\":{\"animation\":\"fade\",\"class\":\"headline-top\",\"content\":\"Haben wir Ihre Neugier geweckt?\",\"text_align\":\"left\",\"text_align_fallback\":\"center\",\"title_element\":\"h2\",\"title_style\":\"h2\"}}]}]}]},{\"name\":\"Text\",\"type\":\"section\",\"props\":{\"animation\":\"slide-top-small\",\"header_overlay\":\"light\",\"height_viewport\":false,\"image_position\":\"center-center\",\"image_size\":\"cover\",\"padding\":\"large\",\"padding_remove_bottom\":true,\"padding_remove_top\":true,\"style\":\"default\",\"title_breakpoint\":\"xl\",\"title_position\":\"top-left\",\"title_rotation\":\"left\",\"vertical_align\":\"middle\",\"width\":\"default\"},\"children\":[{\"type\":\"row\",\"children\":[{\"type\":\"column\",\"props\":{\"image_position\":\"center-center\",\"position_sticky_breakpoint\":\"m\",\"width_medium\":\"1-1\"},\"children\":[{\"type\":\"headline\",\"props\":{\"animation\":\"fade\",\"content\":\"Wir freuen uns sehr darauf, Sie bei einem Gespr\\u00e4ch pers\\u00f6nlich\\nkennenzulernen. Gerne werden wir uns alle Zeit nehmen.\",\"maxwidth\":\"xlarge\",\"text_align\":\"left\",\"text_align_fallback\":\"center\",\"title_element\":\"h2\",\"title_style\":\"h3\"}}]}]}]},{\"name\":\"Akkordeon\",\"type\":\"section\",\"props\":{\"image_position\":\"center-center\",\"padding_remove_bottom\":false,\"style\":\"default\",\"title_breakpoint\":\"xl\",\"title_position\":\"top-left\",\"title_rotation\":\"left\",\"vertical_align\":\"middle\",\"width\":\"default\"},\"children\":[{\"type\":\"row\",\"props\":{\"layout\":\"1-2,1-2\"},\"children\":[{\"type\":\"column\",\"props\":{\"image_position\":\"center-center\",\"position_sticky_breakpoint\":\"m\",\"width_medium\":\"1-2\"},\"children\":[{\"type\":\"headline\",\"props\":{\"animation\":\"fade\",\"content\":\"Kontakt\",\"title_element\":\"h5\"}}]},{\"type\":\"column\",\"props\":{\"image_position\":\"center-center\",\"position_sticky_breakpoint\":\"m\",\"width_medium\":\"1-2\"},\"children\":[{\"type\":\"text\",\"props\":{\"animation\":\"fade\",\"column_breakpoint\":\"m\",\"content\":\"\n\n<p>Erlenburg Immobilien AG<br \\\/>Zentrum Staldenbach 8<br \\\/>8808 Pf\\u00e4ffikon<br \\\/>Schweiz<\\\/p>\",\"margin\":\"default\"}},{\"type\":\"description_list\",\"props\":{\"animation\":\"fade\",\"column_breakpoint\":\"m\",\"layout\":\"grid-2\",\"list_element\":\"ul\",\"meta_align\":\"below-content\",\"meta_style\":\"text-meta\",\"show_content\":true,\"show_link\":true,\"show_meta\":true,\"show_title\":true,\"title_element\":\"div\",\"title_grid_column_gap\":\"small\",\"title_grid_row_gap\":\"small\",\"title_grid_width\":\"auto\"},\"children\":[{\"type\":\"description_list_item\",\"props\":{\"content\":\"info@erlenburg.ch\",\"link\":\"mailto:info@erlenburg.ch\",\"title\":\"E-Mail\"}}]}]}]}]},{\"type\":\"section\",\"props\":{\"image_position\":\"center-center\",\"padding\":\"xsmall\",\"padding_remove_top\":false,\"style\":\"default\",\"title_breakpoint\":\"xl\",\"title_position\":\"top-left\",\"title_rotation\":\"left\",\"vertical_align\":\"middle\",\"width\":\"default\"},\"children\":[{\"type\":\"row\",\"children\":[{\"type\":\"column\",\"props\":{\"image_position\":\"center-center\",\"position_sticky_breakpoint\":\"m\",\"width_medium\":\"1-1\"},\"children\":[{\"type\":\"map\",\"props\":{\"animation\":\"fade\",\"controls\":true,\"dragging\":false,\"image_svg_color\":\"emphasis\",\"link_style\":\"default\",\"link_text\":\"Read more\",\"margin\":\"default\",\"max_zoom\":18,\"meta_align\":\"below-title\",\"meta_element\":\"div\",\"meta_style\":\"text-meta\",\"min_zoom\":0,\"poi\":false,\"show_content\":true,\"show_image\":true,\"show_link\":true,\"show_meta\":true,\"show_title\":true,\"title_element\":\"h3\",\"title_hover_style\":\"reset\",\"type\":\"roadmap\",\"zoom\":10,\"zooming\":false},\"children\":[{\"type\":\"map_item\",\"props\":{\"location\":\"47.1886,8.70594\",\"title\":\"Erlenbrug Immobilien AG\"}}]}]}]}]}],\"version\":\"4.3.1\"} --><\/p>\n","protected":false},"excerpt":{"rendered":"<p>Haben wir Ihre Neugier geweckt? Wir freuen uns sehr darauf, Sie bei einem Gespr\u00e4ch pers\u00f6nlich kennenzulernen. Gerne werden wir uns alle Zeit nehmen. Kontakt Erlenburg Immobilien AGZentrum Staldenbach 88808 Pf\u00e4ffikonSchweiz E-Mail info@erlenburg.ch 47.1886,8.70594 Erlenbrug Immobilien AG<\/p>\n","protected":false},"author":1,"featured_media":0,"parent":0,"menu_order":3,"comment_status":"closed","ping_status":"closed","template":"","meta":{"footnotes":""},"class_list":["post-182","page","type-page","status-publish","hentry"],"_links":{"self":[{"href":"https:\/\/www.erlenburg.ch\/wordpress\/wp-json\/wp\/v2\/pages\/182","targetHints":{"allow":["GET"]}}],"collection":[{"href":"https:\/\/www.erlenburg.ch\/wordpress\/wp-json\/wp\/v2\/pages"}],"about":[{"href":"https:\/\/www.erlenburg.ch\/wordpress\/wp-json\/wp\/v2\/types\/page"}],"author":[{"embeddable":true,"href":"https:\/\/www.erlenburg.ch\/wordpress\/wp-json\/wp\/v2\/users\/1"}],"replies":[{"embeddable":true,"href":"https:\/\/www.erlenburg.ch\/wordpress\/wp-json\/wp\/v2\/comments?post=182"}],"version-history":[{"count":10,"href":"https:\/\/www.erlenburg.ch\/wordpress\/wp-json\/wp\/v2\/pages\/182\/revisions"}],"predecessor-version":[{"id":1039,"href":"https:\/\/www.erlenburg.ch\/wordpress\/wp-json\/wp\/v2\/pages\/182\/revisions\/1039"}],"wp:attachment":[{"href":"https:\/\/www.erlenburg.ch\/wordpress\/wp-json\/wp\/v2\/media?parent=182"}],"curies":[{"name":"wp","href":"https:\/\/api.w.org\/{rel}","templated":true}]}}