{"id":156,"date":"2017-03-02T14:54:48","date_gmt":"2017-03-02T14:54:48","guid":{"rendered":"https:\/\/www.erlenburg.ch\/wordpress\/?page_id=156"},"modified":"2023-08-04T11:01:45","modified_gmt":"2023-08-04T11:01:45","slug":"projekte","status":"publish","type":"page","link":"https:\/\/www.erlenburg.ch\/wordpress\/projekte\/","title":{"rendered":"Projekte"},"content":{"rendered":"<h2>Projekt\u00fcbersicht<\/h2>\n<h3>In Planung<\/h3>\n<p><img decoding=\"async\" src=\"\/wordpress\/wp-content\/uploads\/belmont_uebersicht.jpg\" alt=\"\"><\/p>\n<div><b>Belmont, R\u00fcschlikon<\/b><\/div>\n<hr>\n<div>In R\u00fcschlikon entsteht ein Neubau mit vier Eigentumswohnungen Die Wohnungsgr\u00f6ssen liegen zwischen 3.5 und 6.0 Zimmern. Highlights: Komplette Etage pro Wohnung, Seesicht von jeder Wohnung, grosse Fensterfront zum See.<\/div>\n<p><img decoding=\"async\" src=\"\/wordpress\/wp-content\/uploads\/201912192026334655628-e1586440742999.jpg\" alt=\"\"><\/p>\n<div>\n<p style=\"text-align: center;\"><strong>Greenside Buchs<\/strong><\/p>\n<\/div>\n<hr>\n<div>\n<p style=\"text-align: center;\">An bevorzugter und ruhiger Lage mit sch\u00f6ner Fernsicht in Buchs ZH, entstehen moderne Familienwohnungen.<br \/>Geniessen sie die Ruhe des Quartiers und die gute Anbindungen an das Autobahnnetz.<br \/>Highlights: Moderner und hochwertiger Innenausbau, Wundersch\u00f6ner Weitblick \u00fcber das gesamte Furttal, leben im Einfamilienhausquartier.<\/p>\n<\/div>\n<p><img decoding=\"async\" src=\"\/wordpress\/wp-content\/uploads\/CH_HW_2.png\" alt=\"\"><\/p>\n<div>\n<p><b>Manoir au Lac<\/b><\/p>\n<\/div>\n<hr>\n<div>\n<p>Das Manoir au Lac ist eine private Villa mit direktem Seeanstoss.<br \/>Highlights: Villa im klassischem Stil, \u00fcberhohe R\u00e4ume, Seesicht aus fast jedem Zimmer, grossz\u00fcgiger Garten mit eigenem Bootssteg und ein exklusiver Innenausbau.<\/p>\n<\/div>\n<p><img decoding=\"async\" src=\"\/wordpress\/wp-content\/uploads\/Final-Render-Bellago-1-Kopie_edited.jpg\" alt=\"\"><\/p>\n<div>\n<p style=\"text-align: center;\"><strong>Bellago Figino<\/strong><\/p>\n<\/div>\n<hr>\n<div>\n<p style=\"text-align: center;\">Im wundersch\u00f6nen Tessin erstellen wir vier Eigentumswohnungen und zwei Villen.<br \/>Highlights: Rahmenlose Fenster, Bootshaus mit dazugeh\u00f6rigem Badeplatz f\u00fcr die Eigent\u00fcmer, Aussenpool, exklusiver Innenausbau und unverbaubare Sicht auf den Lugano-See.<\/p>\n<\/div>\n<h3>Referenzen<\/h3>\n<p><a href=\"\/projekte\/palais-im-aegertli\/\"><img decoding=\"async\" src=\"\/wordpress\/wp-content\/uploads\/aussenansicht-quer.jpg\" alt=\"\"><\/a><\/p>\n<div>\u00abPalais im Aegertli\u00bb<\/div>\n<hr>\n<p><a href=\"\/projekte\/palais-am-park\/\"><img decoding=\"async\" src=\"\/wordpress\/wp-content\/uploads\/palais_im_park_bearbeitet.jpg\" alt=\"\"><\/a><\/p>\n<div>\u00abPalais am Park\u00bb<\/div>\n<hr>\n<p><a href=\"\/projekte\/kilchberg\/\"><img decoding=\"async\" src=\"\/wordpress\/wp-content\/uploads\/munsbach_aussen_bearbeitet.jpg\" alt=\"\"><\/a><\/p>\n<div>\u00abMunsbach\u00bb<\/div>\n<hr>\n<p><a href=\"\/projekte\/erlenhof\/\"><img decoding=\"async\" src=\"\/wordpress\/wp-content\/uploads\/erlenhof_uebersicht.jpg\" alt=\"\"><\/a><\/p>\n<div>\u00abErlenhof\u00bb<\/div>\n<hr>\n<p><img decoding=\"async\" src=\"\/wordpress\/wp-content\/uploads\/DSC6125.jpg\" alt=\"\"><\/p>\n<div>\n<p style=\"text-align: center;\">\u00abMFH Sempacherstrasse\u00bb<\/p>\n<\/div>\n<hr>\n<p><img decoding=\"async\" src=\"\/wordpress\/wp-content\/uploads\/DSC6837.jpg\" alt=\"\"><\/p>\n<div>\n<p style=\"text-align: center;\">\u00abOne &amp; Only Kilchberg\u00bb<\/p>\n<\/div>\n<hr>\n<p><!--more--><br \/>\n<!-- {\"name\":\"Home\",\"type\":\"layout\",\"children\":[{\"name\":\"\\u00dcber uns\",\"type\":\"section\",\"props\":{\"animation\":\"slide-top-small\",\"header_overlay\":\"light\",\"height_viewport\":false,\"image_position\":\"center-center\",\"image_size\":\"cover\",\"padding_remove_bottom\":true,\"padding_remove_top\":false,\"style\":\"default\",\"title_breakpoint\":\"xl\",\"title_position\":\"top-left\",\"title_rotation\":\"left\",\"vertical_align\":\"middle\",\"width\":\"default\"},\"children\":[{\"type\":\"row\",\"children\":[{\"type\":\"column\",\"props\":{\"image_position\":\"center-center\",\"position_sticky_breakpoint\":\"m\",\"width_medium\":\"1-1\"},\"children\":[{\"type\":\"headline\",\"props\":{\"class\":\"headline-top\",\"content\":\"Projekt\\u00fcbersicht\",\"text_align\":\"left\",\"text_align_fallback\":\"center\",\"title_element\":\"h2\",\"title_style\":\"h1\"}}]}]}]},{\"name\":\"Planung\",\"type\":\"section\",\"props\":{\"animation\":\"slide-top-small\",\"header_overlay\":\"light\",\"height_viewport\":false,\"image_position\":\"center-center\",\"image_size\":\"cover\",\"padding_remove_bottom\":true,\"padding_remove_top\":false,\"style\":\"default\",\"title_breakpoint\":\"xl\",\"title_position\":\"top-left\",\"title_rotation\":\"left\",\"vertical_align\":\"middle\",\"width\":\"default\"},\"children\":[{\"type\":\"row\",\"children\":[{\"type\":\"column\",\"props\":{\"image_position\":\"center-center\",\"position_sticky_breakpoint\":\"m\",\"width_medium\":\"1-1\"},\"children\":[{\"type\":\"headline\",\"props\":{\"class\":\"planung\",\"content\":\"In Planung\",\"text_align\":\"left\",\"text_align_fallback\":\"center\",\"title_element\":\"h3\",\"title_style\":\"h2\"}}]}]}]},{\"name\":\"Projekt\\u00fcbersicht \\u2013 Modul\",\"type\":\"section\",\"props\":{\"animation\":\"fade\",\"header_overlay\":\"light\",\"height_viewport\":false,\"image_position\":\"center-center\",\"image_size\":\"cover\",\"padding_remove_top\":false,\"style\":\"default\",\"title_breakpoint\":\"xl\",\"title_position\":\"top-left\",\"title_rotation\":\"left\",\"vertical_align\":\"middle\",\"width\":\"default\"},\"children\":[{\"type\":\"row\",\"props\":{\"column_gap\":\"medium\",\"layout\":\"1-3,1-3,1-3\",\"margin\":\"medium\",\"match\":false,\"row_gap\":\"medium\",\"vertical_align\":false},\"children\":[{\"type\":\"column\",\"props\":{\"image_position\":\"center-center\",\"position_sticky_breakpoint\":\"m\",\"width_small\":\"1-3\"},\"children\":[{\"type\":\"image\",\"props\":{\"image\":\"wp-content\\\/uploads\\\/belmont_uebersicht.jpg\",\"image_svg_color\":\"emphasis\",\"inline_align\":\"center\",\"link_target\":false,\"margin\":\"remove-vertical\",\"margin_remove_bottom\":false}},{\"type\":\"text\",\"props\":{\"column_breakpoint\":\"m\",\"content\":\"<b>Belmont, R\\u00fcschlikon<\\\/b>\",\"margin\":\"small\",\"margin_remove_bottom\":false,\"margin_remove_top\":false,\"text_align\":\"center\"}},{\"type\":\"divider\",\"props\":{\"divider_element\":\"hr\",\"margin_remove_bottom\":true,\"margin_remove_top\":true}},{\"type\":\"text\",\"props\":{\"column_breakpoint\":\"m\",\"content\":\"In R\\u00fcschlikon entsteht ein Neubau mit vier Eigentumswohnungen Die Wohnungsgr\\u00f6ssen liegen zwischen 3.5 und 6.0 Zimmern. Highlights: Komplette Etage pro Wohnung, Seesicht von jeder Wohnung, grosse Fensterfront zum See.\",\"margin\":\"small\",\"margin_remove_bottom\":false,\"margin_remove_top\":false,\"text_align\":\"center\"}}]},{\"type\":\"column\",\"props\":{\"image_position\":\"center-center\",\"position_sticky_breakpoint\":\"m\",\"width_small\":\"1-3\"},\"children\":[{\"type\":\"image\",\"props\":{\"image\":\"wp-content\\\/uploads\\\/201912192026334655628-e1586440742999.jpg\",\"image_svg_color\":\"emphasis\",\"margin\":\"default\"}},{\"type\":\"text\",\"props\":{\"column_breakpoint\":\"m\",\"content\":\"\n\n<p style=\\\"text-align: center;\\\"><strong>Greenside Buchs<\\\/strong><\\\/p>\",\"margin\":\"default\"}},{\"type\":\"divider\",\"props\":{\"divider_element\":\"hr\"}},{\"type\":\"text\",\"props\":{\"column_breakpoint\":\"m\",\"content\":\"\n\n<p style=\\\"text-align: center;\\\">An bevorzugter und ruhiger Lage mit sch\\u00f6ner Fernsicht in Buchs ZH, entstehen moderne Familienwohnungen.<br \\\/>Geniessen sie die Ruhe des Quartiers und die gute Anbindungen an das Autobahnnetz.<br \\\/>Highlights: Moderner und hochwertiger Innenausbau, Wundersch\\u00f6ner Weitblick \\u00fcber das gesamte Furttal, leben im Einfamilienhausquartier.<\\\/p>\",\"margin\":\"default\"}}]},{\"type\":\"column\",\"props\":{\"image_position\":\"center-center\",\"position_sticky_breakpoint\":\"m\",\"width_small\":\"1-3\"},\"children\":[{\"type\":\"image\",\"props\":{\"image\":\"wp-content\\\/uploads\\\/CH_HW_2.png\",\"image_svg_color\":\"emphasis\",\"inline_align\":\"center\",\"link_target\":\"blank\",\"margin\":\"remove-vertical\",\"margin_remove_bottom\":false}},{\"type\":\"text\",\"props\":{\"column_breakpoint\":\"m\",\"content\":\"\n\n<p><b>Manoir au Lac<\\\/b><\\\/p>\",\"margin\":\"small\",\"margin_remove_bottom\":false,\"margin_remove_top\":false,\"text_align\":\"center\"}},{\"type\":\"divider\",\"props\":{\"divider_element\":\"hr\",\"margin_remove_bottom\":true,\"margin_remove_top\":true}},{\"type\":\"text\",\"props\":{\"column_breakpoint\":\"m\",\"content\":\"\n\n<p>Das Manoir au Lac ist eine private Villa mit direktem Seeanstoss.<br \\\/>Highlights: Villa im klassischem Stil, \\u00fcberhohe R\\u00e4ume, Seesicht aus fast jedem Zimmer, grossz\\u00fcgiger Garten mit eigenem Bootssteg und ein exklusiver Innenausbau.<\\\/p>\",\"margin\":\"small\",\"margin_remove_bottom\":false,\"margin_remove_top\":false,\"text_align\":\"center\"}}]}]},{\"type\":\"row\",\"props\":{\"column_gap\":\"medium\",\"layout\":\"1-3,1-3,1-3\",\"margin\":\"medium\",\"match\":false,\"row_gap\":\"medium\",\"vertical_align\":false},\"children\":[{\"type\":\"column\",\"props\":{\"image_position\":\"center-center\",\"position_sticky_breakpoint\":\"m\",\"width_small\":\"1-3\"},\"children\":[{\"type\":\"image\",\"props\":{\"image\":\"wp-content\\\/uploads\\\/Final-Render-Bellago-1-Kopie_edited.jpg\",\"image_svg_color\":\"emphasis\",\"margin\":\"default\"}},{\"type\":\"text\",\"props\":{\"column_breakpoint\":\"m\",\"content\":\"\n\n<p style=\\\"text-align: center;\\\"><strong>Bellago Figino<\\\/strong><\\\/p>\",\"margin\":\"default\"}},{\"type\":\"divider\",\"props\":{\"divider_element\":\"hr\"}},{\"type\":\"text\",\"props\":{\"column_breakpoint\":\"m\",\"content\":\"\n\n<p style=\\\"text-align: center;\\\">Im wundersch\\u00f6nen Tessin erstellen wir vier Eigentumswohnungen und zwei Villen.<br \\\/>Highlights: Rahmenlose Fenster, Bootshaus mit dazugeh\\u00f6rigem Badeplatz f\\u00fcr die Eigent\\u00fcmer, Aussenpool, exklusiver Innenausbau und unverbaubare Sicht auf den Lugano-See.<\\\/p>\",\"margin\":\"default\"}}]},{\"type\":\"column\",\"props\":{\"image_position\":\"center-center\",\"position_sticky_breakpoint\":\"m\",\"width_small\":\"1-3\"}},{\"type\":\"column\",\"props\":{\"image_position\":\"center-center\",\"position_sticky_breakpoint\":\"m\",\"width_small\":\"1-3\"}}]}]},{\"name\":\"Referenzen\",\"type\":\"section\",\"props\":{\"animation\":\"slide-top-small\",\"header_overlay\":\"light\",\"height_viewport\":false,\"image_position\":\"center-center\",\"image_size\":\"cover\",\"padding_remove_bottom\":true,\"padding_remove_top\":true,\"style\":\"default\",\"title_breakpoint\":\"xl\",\"title_position\":\"top-left\",\"title_rotation\":\"left\",\"vertical_align\":\"middle\",\"width\":\"default\"},\"children\":[{\"type\":\"row\",\"children\":[{\"type\":\"column\",\"props\":{\"image_position\":\"center-center\",\"position_sticky_breakpoint\":\"m\",\"width_medium\":\"1-1\"},\"children\":[{\"type\":\"headline\",\"props\":{\"class\":\"referenzen\",\"content\":\"Referenzen\",\"text_align\":\"left\",\"text_align_fallback\":\"center\",\"title_element\":\"h3\",\"title_style\":\"h2\"}}]}]}]},{\"name\":\"Projekt\\u00fcbersicht \\u2013 Modul\",\"type\":\"section\",\"props\":{\"animation\":\"fade\",\"header_overlay\":\"light\",\"height_viewport\":false,\"image_position\":\"center-center\",\"image_size\":\"cover\",\"padding_remove_top\":false,\"style\":\"default\",\"title_breakpoint\":\"xl\",\"title_position\":\"top-left\",\"title_rotation\":\"left\",\"vertical_align\":\"middle\",\"width\":\"default\"},\"children\":[{\"type\":\"row\",\"props\":{\"column_gap\":\"medium\",\"layout\":\"1-3,1-3,1-3\",\"margin\":\"medium\",\"match\":true,\"row_gap\":\"medium\",\"vertical_align\":false},\"children\":[{\"type\":\"column\",\"props\":{\"image_position\":\"center-center\",\"position_sticky_breakpoint\":\"m\",\"width_small\":\"1-3\"},\"children\":[{\"type\":\"image\",\"props\":{\"image\":\"wp-content\\\/uploads\\\/aussenansicht-quer.jpg\",\"image_svg_color\":\"emphasis\",\"inline_align\":\"center\",\"link\":\"\\\/projekte\\\/palais-im-aegertli\\\/\",\"margin\":\"remove-vertical\",\"margin_remove_bottom\":false}},{\"type\":\"text\",\"props\":{\"column_breakpoint\":\"m\",\"content\":\"\\u00abPalais im Aegertli\\u00bb\",\"margin\":\"small\",\"margin_remove_bottom\":false,\"margin_remove_top\":false,\"text_align\":\"center\"}},{\"type\":\"divider\",\"props\":{\"divider_element\":\"hr\",\"margin_remove_top\":true}}]},{\"type\":\"column\",\"props\":{\"image_position\":\"center-center\",\"position_sticky_breakpoint\":\"m\",\"width_small\":\"1-3\"},\"children\":[{\"type\":\"image\",\"props\":{\"image\":\"wp-content\\\/uploads\\\/palais_im_park_bearbeitet.jpg\",\"image_svg_color\":\"emphasis\",\"inline_align\":\"center\",\"link\":\"\\\/projekte\\\/palais-am-park\\\/\",\"margin\":\"remove-vertical\",\"margin_remove_bottom\":false}},{\"type\":\"text\",\"props\":{\"column_breakpoint\":\"m\",\"content\":\"\\u00abPalais am Park\\u00bb\",\"margin\":\"small\",\"margin_remove_bottom\":false,\"margin_remove_top\":false,\"text_align\":\"center\"}},{\"type\":\"divider\",\"props\":{\"divider_element\":\"hr\",\"margin_remove_bottom\":true,\"margin_remove_top\":true}}]},{\"type\":\"column\",\"props\":{\"image_position\":\"center-center\",\"position_sticky_breakpoint\":\"m\",\"width_small\":\"1-3\"},\"children\":[{\"type\":\"image\",\"props\":{\"image\":\"wp-content\\\/uploads\\\/munsbach_aussen_bearbeitet.jpg\",\"image_svg_color\":\"emphasis\",\"inline_align\":\"center\",\"link\":\"\\\/projekte\\\/kilchberg\\\/\",\"margin\":\"remove-vertical\",\"margin_remove_bottom\":false}},{\"type\":\"text\",\"props\":{\"column_breakpoint\":\"m\",\"content\":\"\\u00abMunsbach\\u00bb\",\"margin\":\"small\",\"margin_remove_bottom\":false,\"margin_remove_top\":false,\"text_align\":\"center\"}},{\"type\":\"divider\",\"props\":{\"divider_element\":\"hr\",\"margin_remove_top\":true}}]}]},{\"type\":\"row\",\"props\":{\"column_gap\":\"medium\",\"layout\":\"1-3,1-3,1-3\",\"margin\":\"medium\",\"match\":true,\"row_gap\":\"medium\",\"vertical_align\":false},\"children\":[{\"type\":\"column\",\"props\":{\"image_position\":\"center-center\",\"position_sticky_breakpoint\":\"m\",\"width_small\":\"1-3\"},\"children\":[{\"type\":\"image\",\"props\":{\"image\":\"wp-content\\\/uploads\\\/erlenhof_uebersicht.jpg\",\"image_svg_color\":\"emphasis\",\"inline_align\":\"center\",\"link\":\"\\\/projekte\\\/erlenhof\\\/\",\"margin\":\"remove-vertical\",\"margin_remove_bottom\":false}},{\"type\":\"text\",\"props\":{\"column_breakpoint\":\"m\",\"content\":\"\\u00abErlenhof\\u00bb\",\"margin\":\"small\",\"margin_remove_bottom\":false,\"margin_remove_top\":false,\"text_align\":\"center\"}},{\"type\":\"divider\",\"props\":{\"divider_element\":\"hr\",\"margin_remove_top\":true}}]},{\"type\":\"column\",\"props\":{\"image_position\":\"center-center\",\"position_sticky_breakpoint\":\"m\",\"width_small\":\"1-3\"},\"children\":[{\"type\":\"image\",\"props\":{\"image\":\"wp-content\\\/uploads\\\/DSC6125.jpg\",\"image_svg_color\":\"emphasis\",\"margin\":\"default\"}},{\"type\":\"text\",\"props\":{\"column_breakpoint\":\"m\",\"content\":\"\n\n<p style=\\\"text-align: center;\\\">\\u00abMFH Sempacherstrasse\\u00bb<\\\/p>\",\"margin\":\"default\"}},{\"type\":\"divider\",\"props\":{\"divider_element\":\"hr\"}}]},{\"type\":\"column\",\"props\":{\"image_position\":\"center-center\",\"position_sticky_breakpoint\":\"m\",\"width_small\":\"1-3\"},\"children\":[{\"type\":\"image\",\"props\":{\"image\":\"wp-content\\\/uploads\\\/DSC6837.jpg\",\"image_svg_color\":\"emphasis\",\"margin\":\"default\"}},{\"type\":\"text\",\"props\":{\"column_breakpoint\":\"m\",\"content\":\"\n\n<p style=\\\"text-align: center;\\\">\\u00abOne &amp; Only Kilchberg\\u00bb<\\\/p>\",\"margin\":\"default\"}},{\"type\":\"divider\",\"props\":{\"divider_element\":\"hr\"}}]}]}]}],\"version\":\"4.0.7\"} --><\/p>\n","protected":false},"excerpt":{"rendered":"<p>Projekt\u00fcbersicht In Planung Belmont, R\u00fcschlikon In R\u00fcschlikon entsteht ein Neubau mit vier Eigentumswohnungen Die Wohnungsgr\u00f6ssen liegen zwischen 3.5 und 6.0 Zimmern. Highlights: Komplette Etage pro Wohnung, Seesicht von jeder Wohnung, grosse Fensterfront zum See. Greenside Buchs An bevorzugter und ruhiger Lage mit sch\u00f6ner Fernsicht in Buchs ZH, entstehen moderne Familienwohnungen.Geniessen sie die Ruhe des Quartiers [&hellip;]<\/p>\n","protected":false},"author":1,"featured_media":0,"parent":0,"menu_order":1,"comment_status":"closed","ping_status":"closed","template":"","meta":{"footnotes":""},"class_list":["post-156","page","type-page","status-publish","hentry"],"_links":{"self":[{"href":"https:\/\/www.erlenburg.ch\/wordpress\/wp-json\/wp\/v2\/pages\/156","targetHints":{"allow":["GET"]}}],"collection":[{"href":"https:\/\/www.erlenburg.ch\/wordpress\/wp-json\/wp\/v2\/pages"}],"about":[{"href":"https:\/\/www.erlenburg.ch\/wordpress\/wp-json\/wp\/v2\/types\/page"}],"author":[{"embeddable":true,"href":"https:\/\/www.erlenburg.ch\/wordpress\/wp-json\/wp\/v2\/users\/1"}],"replies":[{"embeddable":true,"href":"https:\/\/www.erlenburg.ch\/wordpress\/wp-json\/wp\/v2\/comments?post=156"}],"version-history":[{"count":59,"href":"https:\/\/www.erlenburg.ch\/wordpress\/wp-json\/wp\/v2\/pages\/156\/revisions"}],"predecessor-version":[{"id":1030,"href":"https:\/\/www.erlenburg.ch\/wordpress\/wp-json\/wp\/v2\/pages\/156\/revisions\/1030"}],"wp:attachment":[{"href":"https:\/\/www.erlenburg.ch\/wordpress\/wp-json\/wp\/v2\/media?parent=156"}],"curies":[{"name":"wp","href":"https:\/\/api.w.org\/{rel}","templated":true}]}}